{"id":360,"date":"2025-02-17T21:12:19","date_gmt":"2025-02-18T02:12:19","guid":{"rendered":"https:\/\/enviosdeuna.com\/?page_id=360"},"modified":"2025-02-23T13:56:52","modified_gmt":"2025-02-23T18:56:52","slug":"servicios","status":"publish","type":"page","link":"https:\/\/enviosdeuna.com\/index.php\/servicios\/","title":{"rendered":"Servicios"},"content":{"rendered":"\t\t<div data-elementor-type=\"wp-page\" data-elementor-id=\"360\" class=\"elementor elementor-360\" data-elementor-post-type=\"page\">\n\t\t\t\t<div class=\"elementor-element elementor-element-2dc159c e-flex e-con-boxed e-con e-parent\" data-id=\"2dc159c\" data-element_type=\"container\">\n\t\t\t\t\t<div class=\"e-con-inner\">\n\t\t\t\t<div class=\"elementor-element elementor-element-cfa96b7 elementor-widget elementor-widget-heading\" data-id=\"cfa96b7\" data-element_type=\"widget\" data-widget_type=\"heading.default\">\n\t\t\t\t<div class=\"elementor-widget-container\">\n\t\t\t\t\t<h2 class=\"elementor-heading-title elementor-size-default\">Nuestros Servicios<\/h2>\t\t\t\t<\/div>\n\t\t\t\t<\/div>\n\t\t\t\t\t<\/div>\n\t\t\t\t<\/div>\n\t\t<div class=\"elementor-element elementor-element-88d4230 e-grid e-con-boxed e-con e-parent\" data-id=\"88d4230\" data-element_type=\"container\">\n\t\t\t\t\t<div class=\"e-con-inner\">\n\t\t\t\t<div class=\"elementor-element elementor-element-de3ec11 elementor-widget elementor-widget-image\" data-id=\"de3ec11\" data-element_type=\"widget\" data-widget_type=\"image.default\">\n\t\t\t\t<div class=\"elementor-widget-container\">\n\t\t\t\t\t\t\t\t\t\t\t\t\t\t\t<img decoding=\"async\" width=\"150\" height=\"150\" src=\"https:\/\/enviosdeuna.com\/wp-content\/uploads\/2025\/02\/5-150x150.png\" class=\"attachment-thumbnail size-thumbnail wp-image-541\" alt=\"\" srcset=\"https:\/\/enviosdeuna.com\/wp-content\/uploads\/2025\/02\/5-150x150.png 150w, https:\/\/enviosdeuna.com\/wp-content\/uploads\/2025\/02\/5.png 300w\" sizes=\"(max-width: 150px) 100vw, 150px\" \/>\t\t\t\t\t\t\t\t\t\t\t\t\t\t\t<\/div>\n\t\t\t\t<\/div>\n\t\t<div class=\"elementor-element elementor-element-d443a52 e-con-full e-flex e-con e-child\" data-id=\"d443a52\" data-element_type=\"container\">\n\t\t\t\t<div class=\"elementor-element elementor-element-c32e0ba elementor-widget elementor-widget-heading\" data-id=\"c32e0ba\" data-element_type=\"widget\" data-widget_type=\"heading.default\">\n\t\t\t\t<div class=\"elementor-widget-container\">\n\t\t\t\t\t<h2 class=\"elementor-heading-title elementor-size-default\">Paqueter\u00eda Courier<\/h2>\t\t\t\t<\/div>\n\t\t\t\t<\/div>\n\t\t\t\t<div class=\"elementor-element elementor-element-1e54376 elementor-widget elementor-widget-text-editor\" data-id=\"1e54376\" data-element_type=\"widget\" data-widget_type=\"text-editor.default\">\n\t\t\t\t<div class=\"elementor-widget-container\">\n\t\t\t\t\t\t\t\t\t<p>Env\u00eda tus paquetes de forma r\u00e1pida y segura con nuestro servicio courier, dise\u00f1ado para entregas internacionales confiables<\/p>\t\t\t\t\t\t\t\t<\/div>\n\t\t\t\t<\/div>\n\t\t<div class=\"elementor-element elementor-element-bc5547f e-con-full e-flex e-con e-child\" data-id=\"bc5547f\" data-element_type=\"container\">\n\t\t\t\t<div class=\"elementor-element elementor-element-b1c6d8c premium-lq__none elementor-widget elementor-widget-premium-addon-button\" data-id=\"b1c6d8c\" data-element_type=\"widget\" data-widget_type=\"premium-addon-button.default\">\n\t\t\t\t<div class=\"elementor-widget-container\">\n\t\t\t\t\t\n\n\t\t<a class=\"premium-button premium-button-none premium-btn-sm premium-button-none\" href=\"\/index.php\/calcula-tu-envio\/\">\n\t\t\t<div class=\"premium-button-text-icon-wrapper\">\n\t\t\t\t\n\t\t\t\t\t\t\t\t\t<span >\n\t\t\t\t\t\tCotiza tu env\u00edo\t\t\t\t\t<\/span>\n\t\t\t\t\t\t\t<\/div>\n\n\t\t\t\n\t\t\t\n\t\t\t\n\t\t<\/a>\n\n\n\t\t\t\t\t\t<\/div>\n\t\t\t\t<\/div>\n\t\t\t\t<\/div>\n\t\t\t\t<\/div>\n\t\t\t\t\t<\/div>\n\t\t\t\t<\/div>\n\t\t<div class=\"elementor-element elementor-element-0971cef e-grid e-con-boxed e-con e-parent\" data-id=\"0971cef\" data-element_type=\"container\">\n\t\t\t\t\t<div class=\"e-con-inner\">\n\t\t\t\t<div class=\"elementor-element elementor-element-e40fa58 elementor-widget elementor-widget-image\" data-id=\"e40fa58\" data-element_type=\"widget\" data-widget_type=\"image.default\">\n\t\t\t\t<div class=\"elementor-widget-container\">\n\t\t\t\t\t\t\t\t\t\t\t\t\t\t\t<img decoding=\"async\" width=\"150\" height=\"150\" src=\"https:\/\/enviosdeuna.com\/wp-content\/uploads\/2025\/02\/6-150x150.png\" class=\"attachment-thumbnail size-thumbnail wp-image-542\" alt=\"\" srcset=\"https:\/\/enviosdeuna.com\/wp-content\/uploads\/2025\/02\/6-150x150.png 150w, https:\/\/enviosdeuna.com\/wp-content\/uploads\/2025\/02\/6.png 300w\" sizes=\"(max-width: 150px) 100vw, 150px\" \/>\t\t\t\t\t\t\t\t\t\t\t\t\t\t\t<\/div>\n\t\t\t\t<\/div>\n\t\t<div class=\"elementor-element elementor-element-de40e46 e-con-full e-flex e-con e-child\" data-id=\"de40e46\" data-element_type=\"container\">\n\t\t\t\t<div class=\"elementor-element elementor-element-e67bedb elementor-widget elementor-widget-heading\" data-id=\"e67bedb\" data-element_type=\"widget\" data-widget_type=\"heading.default\">\n\t\t\t\t<div class=\"elementor-widget-container\">\n\t\t\t\t\t<h2 class=\"elementor-heading-title elementor-size-default\">Env\u00edos desde Colombia a USA<\/h2>\t\t\t\t<\/div>\n\t\t\t\t<\/div>\n\t\t\t\t<div class=\"elementor-element elementor-element-34089e1 elementor-widget elementor-widget-text-editor\" data-id=\"34089e1\" data-element_type=\"widget\" data-widget_type=\"text-editor.default\">\n\t\t\t\t<div class=\"elementor-widget-container\">\n\t\t\t\t\t\t\t\t\t<p>Facilita la conexi\u00f3n entre ambos pa\u00edses con nuestro servicio especializado, que garantiza entregas seguras y en tiempo r\u00e9cord<\/p>\t\t\t\t\t\t\t\t<\/div>\n\t\t\t\t<\/div>\n\t\t<div class=\"elementor-element elementor-element-bc0c56d e-con-full e-flex e-con e-child\" data-id=\"bc0c56d\" data-element_type=\"container\">\n\t\t\t\t<div class=\"elementor-element elementor-element-7fb4fbe premium-lq__none elementor-widget elementor-widget-premium-addon-button\" data-id=\"7fb4fbe\" data-element_type=\"widget\" data-widget_type=\"premium-addon-button.default\">\n\t\t\t\t<div class=\"elementor-widget-container\">\n\t\t\t\t\t\n\n\t\t<a class=\"premium-button premium-button-none premium-btn-sm premium-button-none\" href=\"\/index.php\/calcula-tu-envio\/\">\n\t\t\t<div class=\"premium-button-text-icon-wrapper\">\n\t\t\t\t\n\t\t\t\t\t\t\t\t\t<span >\n\t\t\t\t\t\tSolicita tu cotizaci\u00f3n\t\t\t\t\t<\/span>\n\t\t\t\t\t\t\t<\/div>\n\n\t\t\t\n\t\t\t\n\t\t\t\n\t\t<\/a>\n\n\n\t\t\t\t\t\t<\/div>\n\t\t\t\t<\/div>\n\t\t\t\t<\/div>\n\t\t\t\t<\/div>\n\t\t\t\t\t<\/div>\n\t\t\t\t<\/div>\n\t\t<div class=\"elementor-element elementor-element-10ba3b9 e-grid e-con-boxed e-con e-parent\" data-id=\"10ba3b9\" data-element_type=\"container\">\n\t\t\t\t\t<div class=\"e-con-inner\">\n\t\t\t\t<div class=\"elementor-element elementor-element-07ce036 elementor-widget elementor-widget-image\" data-id=\"07ce036\" data-element_type=\"widget\" data-widget_type=\"image.default\">\n\t\t\t\t<div class=\"elementor-widget-container\">\n\t\t\t\t\t\t\t\t\t\t\t\t\t\t\t<img decoding=\"async\" width=\"150\" height=\"150\" src=\"https:\/\/enviosdeuna.com\/wp-content\/uploads\/2025\/02\/7-150x150.png\" class=\"attachment-thumbnail size-thumbnail wp-image-543\" alt=\"\" srcset=\"https:\/\/enviosdeuna.com\/wp-content\/uploads\/2025\/02\/7-150x150.png 150w, https:\/\/enviosdeuna.com\/wp-content\/uploads\/2025\/02\/7.png 300w\" sizes=\"(max-width: 150px) 100vw, 150px\" \/>\t\t\t\t\t\t\t\t\t\t\t\t\t\t\t<\/div>\n\t\t\t\t<\/div>\n\t\t<div class=\"elementor-element elementor-element-720f2ec e-con-full e-flex e-con e-child\" data-id=\"720f2ec\" data-element_type=\"container\">\n\t\t\t\t<div class=\"elementor-element elementor-element-c00fcd6 elementor-widget elementor-widget-heading\" data-id=\"c00fcd6\" data-element_type=\"widget\" data-widget_type=\"heading.default\">\n\t\t\t\t<div class=\"elementor-widget-container\">\n\t\t\t\t\t<h2 class=\"elementor-heading-title elementor-size-default\">Menajes y Mudanzas<\/h2>\t\t\t\t<\/div>\n\t\t\t\t<\/div>\n\t\t\t\t<div class=\"elementor-element elementor-element-d337a0c elementor-widget elementor-widget-text-editor\" data-id=\"d337a0c\" data-element_type=\"widget\" data-widget_type=\"text-editor.default\">\n\t\t\t\t<div class=\"elementor-widget-container\">\n\t\t\t\t\t\t\t\t\t<p>Traslada tus pertenencias de manera eficiente y confiable, ya sea para cambios de residencia o traslados de oficina, con la seguridad que necesitas<\/p>\t\t\t\t\t\t\t\t<\/div>\n\t\t\t\t<\/div>\n\t\t<div class=\"elementor-element elementor-element-0efe103 e-con-full e-flex e-con e-child\" data-id=\"0efe103\" data-element_type=\"container\">\n\t\t\t\t<div class=\"elementor-element elementor-element-338f35d premium-lq__none elementor-widget elementor-widget-premium-addon-button\" data-id=\"338f35d\" data-element_type=\"widget\" data-widget_type=\"premium-addon-button.default\">\n\t\t\t\t<div class=\"elementor-widget-container\">\n\t\t\t\t\t\n\n\t\t<a class=\"premium-button premium-button-none premium-btn-sm premium-button-none\" href=\"\/index.php\/calcula-tu-envio\/\">\n\t\t\t<div class=\"premium-button-text-icon-wrapper\">\n\t\t\t\t\n\t\t\t\t\t\t\t\t\t<span >\n\t\t\t\t\t\tConsulta tu mudanza\t\t\t\t\t<\/span>\n\t\t\t\t\t\t\t<\/div>\n\n\t\t\t\n\t\t\t\n\t\t\t\n\t\t<\/a>\n\n\n\t\t\t\t\t\t<\/div>\n\t\t\t\t<\/div>\n\t\t\t\t<\/div>\n\t\t\t\t<\/div>\n\t\t\t\t\t<\/div>\n\t\t\t\t<\/div>\n\t\t<div class=\"elementor-element elementor-element-b8f9e2d e-grid e-con-boxed e-con e-parent\" data-id=\"b8f9e2d\" data-element_type=\"container\">\n\t\t\t\t\t<div class=\"e-con-inner\">\n\t\t\t\t<div class=\"elementor-element elementor-element-6ef4524 elementor-widget elementor-widget-image\" data-id=\"6ef4524\" data-element_type=\"widget\" data-widget_type=\"image.default\">\n\t\t\t\t<div class=\"elementor-widget-container\">\n\t\t\t\t\t\t\t\t\t\t\t\t\t\t\t<img loading=\"lazy\" decoding=\"async\" width=\"150\" height=\"150\" src=\"https:\/\/enviosdeuna.com\/wp-content\/uploads\/2025\/02\/8-150x150.png\" class=\"attachment-thumbnail size-thumbnail wp-image-544\" alt=\"\" srcset=\"https:\/\/enviosdeuna.com\/wp-content\/uploads\/2025\/02\/8-150x150.png 150w, https:\/\/enviosdeuna.com\/wp-content\/uploads\/2025\/02\/8.png 300w\" sizes=\"(max-width: 150px) 100vw, 150px\" \/>\t\t\t\t\t\t\t\t\t\t\t\t\t\t\t<\/div>\n\t\t\t\t<\/div>\n\t\t<div class=\"elementor-element elementor-element-afd3bef e-con-full e-flex e-con e-child\" data-id=\"afd3bef\" data-element_type=\"container\">\n\t\t\t\t<div class=\"elementor-element elementor-element-a8d2bad elementor-widget elementor-widget-heading\" data-id=\"a8d2bad\" data-element_type=\"widget\" data-widget_type=\"heading.default\">\n\t\t\t\t<div class=\"elementor-widget-container\">\n\t\t\t\t\t<h2 class=\"elementor-heading-title elementor-size-default\">Casillero Internacional<\/h2>\t\t\t\t<\/div>\n\t\t\t\t<\/div>\n\t\t\t\t<div class=\"elementor-element elementor-element-e2bc21c elementor-widget elementor-widget-text-editor\" data-id=\"e2bc21c\" data-element_type=\"widget\" data-widget_type=\"text-editor.default\">\n\t\t\t\t<div class=\"elementor-widget-container\">\n\t\t\t\t\t\t\t\t\t<p>Obt\u00e9n una direcci\u00f3n en EE. UU. para recibir, consolidar y gestionar tus compras internacionales de forma sencilla y sin complicaciones<\/p>\t\t\t\t\t\t\t\t<\/div>\n\t\t\t\t<\/div>\n\t\t<div class=\"elementor-element elementor-element-fddf2f6 e-con-full e-flex e-con e-child\" data-id=\"fddf2f6\" data-element_type=\"container\">\n\t\t\t\t<div class=\"elementor-element elementor-element-bde8594 premium-lq__none elementor-widget elementor-widget-premium-addon-button\" data-id=\"bde8594\" data-element_type=\"widget\" data-widget_type=\"premium-addon-button.default\">\n\t\t\t\t<div class=\"elementor-widget-container\">\n\t\t\t\t\t\n\n\t\t<a class=\"premium-button premium-button-none premium-btn-sm premium-button-none\" href=\"\/index.php\/calcula-tu-envio\/\">\n\t\t\t<div class=\"premium-button-text-icon-wrapper\">\n\t\t\t\t\n\t\t\t\t\t\t\t\t\t<span >\n\t\t\t\t\t\tActiva tu casillero\t\t\t\t\t<\/span>\n\t\t\t\t\t\t\t<\/div>\n\n\t\t\t\n\t\t\t\n\t\t\t\n\t\t<\/a>\n\n\n\t\t\t\t\t\t<\/div>\n\t\t\t\t<\/div>\n\t\t\t\t<\/div>\n\t\t\t\t<\/div>\n\t\t\t\t\t<\/div>\n\t\t\t\t<\/div>\n\t\t<div class=\"elementor-element elementor-element-8aac65c e-grid e-con-boxed e-con e-parent\" data-id=\"8aac65c\" data-element_type=\"container\">\n\t\t\t\t\t<div class=\"e-con-inner\">\n\t\t\t\t<div class=\"elementor-element elementor-element-56d0010 elementor-widget elementor-widget-image\" data-id=\"56d0010\" data-element_type=\"widget\" data-widget_type=\"image.default\">\n\t\t\t\t<div class=\"elementor-widget-container\">\n\t\t\t\t\t\t\t\t\t\t\t\t\t\t\t<img loading=\"lazy\" decoding=\"async\" width=\"150\" height=\"150\" src=\"https:\/\/enviosdeuna.com\/wp-content\/uploads\/2025\/02\/9-150x150.png\" class=\"attachment-thumbnail size-thumbnail wp-image-545\" alt=\"\" srcset=\"https:\/\/enviosdeuna.com\/wp-content\/uploads\/2025\/02\/9-150x150.png 150w, https:\/\/enviosdeuna.com\/wp-content\/uploads\/2025\/02\/9.png 300w\" sizes=\"(max-width: 150px) 100vw, 150px\" \/>\t\t\t\t\t\t\t\t\t\t\t\t\t\t\t<\/div>\n\t\t\t\t<\/div>\n\t\t<div class=\"elementor-element elementor-element-a79e9af e-con-full e-flex e-con e-child\" data-id=\"a79e9af\" data-element_type=\"container\">\n\t\t\t\t<div class=\"elementor-element elementor-element-629e672 elementor-widget elementor-widget-heading\" data-id=\"629e672\" data-element_type=\"widget\" data-widget_type=\"heading.default\">\n\t\t\t\t<div class=\"elementor-widget-container\">\n\t\t\t\t\t<h2 class=\"elementor-heading-title elementor-size-default\">Carga Mar\u00edtima<\/h2>\t\t\t\t<\/div>\n\t\t\t\t<\/div>\n\t\t\t\t<div class=\"elementor-element elementor-element-c0edf46 elementor-widget elementor-widget-text-editor\" data-id=\"c0edf46\" data-element_type=\"widget\" data-widget_type=\"text-editor.default\">\n\t\t\t\t<div class=\"elementor-widget-container\">\n\t\t\t\t\t\t\t\t\t<p>Transporta grandes vol\u00famenes de manera econ\u00f3mica y segura a trav\u00e9s de nuestro servicio de carga mar\u00edtima, optimizando tus env\u00edos internacionales<\/p>\t\t\t\t\t\t\t\t<\/div>\n\t\t\t\t<\/div>\n\t\t<div class=\"elementor-element elementor-element-7d8a83e e-con-full e-flex e-con e-child\" data-id=\"7d8a83e\" data-element_type=\"container\">\n\t\t\t\t<div class=\"elementor-element elementor-element-2437513 premium-lq__none elementor-widget elementor-widget-premium-addon-button\" data-id=\"2437513\" data-element_type=\"widget\" data-widget_type=\"premium-addon-button.default\">\n\t\t\t\t<div class=\"elementor-widget-container\">\n\t\t\t\t\t\n\n\t\t<a class=\"premium-button premium-button-none premium-btn-sm premium-button-none\" href=\"\/index.php\/calcula-tu-envio\/\">\n\t\t\t<div class=\"premium-button-text-icon-wrapper\">\n\t\t\t\t\n\t\t\t\t\t\t\t\t\t<span >\n\t\t\t\t\t\tCotiza carga mar\u00edtima\t\t\t\t\t<\/span>\n\t\t\t\t\t\t\t<\/div>\n\n\t\t\t\n\t\t\t\n\t\t\t\n\t\t<\/a>\n\n\n\t\t\t\t\t\t<\/div>\n\t\t\t\t<\/div>\n\t\t\t\t<\/div>\n\t\t\t\t<\/div>\n\t\t\t\t\t<\/div>\n\t\t\t\t<\/div>\n\t\t<div class=\"elementor-element elementor-element-6d76779 e-grid e-con-boxed e-con e-parent\" data-id=\"6d76779\" data-element_type=\"container\">\n\t\t\t\t\t<div class=\"e-con-inner\">\n\t\t\t\t<div class=\"elementor-element elementor-element-28fea07 elementor-widget elementor-widget-image\" data-id=\"28fea07\" data-element_type=\"widget\" data-widget_type=\"image.default\">\n\t\t\t\t<div class=\"elementor-widget-container\">\n\t\t\t\t\t\t\t\t\t\t\t\t\t\t\t<img loading=\"lazy\" decoding=\"async\" width=\"150\" height=\"150\" src=\"https:\/\/enviosdeuna.com\/wp-content\/uploads\/2025\/02\/10-150x150.png\" class=\"attachment-thumbnail size-thumbnail wp-image-546\" alt=\"\" srcset=\"https:\/\/enviosdeuna.com\/wp-content\/uploads\/2025\/02\/10-150x150.png 150w, https:\/\/enviosdeuna.com\/wp-content\/uploads\/2025\/02\/10.png 300w\" sizes=\"(max-width: 150px) 100vw, 150px\" \/>\t\t\t\t\t\t\t\t\t\t\t\t\t\t\t<\/div>\n\t\t\t\t<\/div>\n\t\t<div class=\"elementor-element elementor-element-f156116 e-con-full e-flex e-con e-child\" data-id=\"f156116\" data-element_type=\"container\">\n\t\t\t\t<div class=\"elementor-element elementor-element-a9c610e elementor-widget elementor-widget-heading\" data-id=\"a9c610e\" data-element_type=\"widget\" data-widget_type=\"heading.default\">\n\t\t\t\t<div class=\"elementor-widget-container\">\n\t\t\t\t\t<h2 class=\"elementor-heading-title elementor-size-default\">Carga A\u00e9rea<\/h2>\t\t\t\t<\/div>\n\t\t\t\t<\/div>\n\t\t\t\t<div class=\"elementor-element elementor-element-698c7c6 elementor-widget elementor-widget-text-editor\" data-id=\"698c7c6\" data-element_type=\"widget\" data-widget_type=\"text-editor.default\">\n\t\t\t\t<div class=\"elementor-widget-container\">\n\t\t\t\t\t\t\t\t\t<p>Para env\u00edos urgentes, nuestra carga a\u00e9rea es la opci\u00f3n ideal: rapidez y eficiencia para que tus productos lleguen en el menor tiempo posible<\/p>\t\t\t\t\t\t\t\t<\/div>\n\t\t\t\t<\/div>\n\t\t<div class=\"elementor-element elementor-element-a33ff0c e-con-full e-flex e-con e-child\" data-id=\"a33ff0c\" data-element_type=\"container\">\n\t\t\t\t<div class=\"elementor-element elementor-element-680acf4 premium-lq__none elementor-widget elementor-widget-premium-addon-button\" data-id=\"680acf4\" data-element_type=\"widget\" data-widget_type=\"premium-addon-button.default\">\n\t\t\t\t<div class=\"elementor-widget-container\">\n\t\t\t\t\t\n\n\t\t<a class=\"premium-button premium-button-none premium-btn-sm premium-button-none\" href=\"#\">\n\t\t\t<div class=\"premium-button-text-icon-wrapper\">\n\t\t\t\t\n\t\t\t\t\t\t\t\t\t<span >\n\t\t\t\t\t\tSolicita env\u00edo a\u00e9reo\t\t\t\t\t<\/span>\n\t\t\t\t\t\t\t<\/div>\n\n\t\t\t\n\t\t\t\n\t\t\t\n\t\t<\/a>\n\n\n\t\t\t\t\t\t<\/div>\n\t\t\t\t<\/div>\n\t\t\t\t<\/div>\n\t\t\t\t<\/div>\n\t\t\t\t\t<\/div>\n\t\t\t\t<\/div>\n\t\t<div class=\"elementor-element elementor-element-54a0c95 e-grid e-con-boxed e-con e-parent\" data-id=\"54a0c95\" data-element_type=\"container\">\n\t\t\t\t\t<div class=\"e-con-inner\">\n\t\t\t\t<div class=\"elementor-element elementor-element-fe35b3b elementor-widget elementor-widget-image\" data-id=\"fe35b3b\" data-element_type=\"widget\" data-widget_type=\"image.default\">\n\t\t\t\t<div class=\"elementor-widget-container\">\n\t\t\t\t\t\t\t\t\t\t\t\t\t\t\t<img loading=\"lazy\" decoding=\"async\" width=\"150\" height=\"150\" src=\"https:\/\/enviosdeuna.com\/wp-content\/uploads\/2025\/02\/11-150x150.png\" class=\"attachment-thumbnail size-thumbnail wp-image-547\" alt=\"\" srcset=\"https:\/\/enviosdeuna.com\/wp-content\/uploads\/2025\/02\/11-150x150.png 150w, https:\/\/enviosdeuna.com\/wp-content\/uploads\/2025\/02\/11.png 300w\" sizes=\"(max-width: 150px) 100vw, 150px\" \/>\t\t\t\t\t\t\t\t\t\t\t\t\t\t\t<\/div>\n\t\t\t\t<\/div>\n\t\t<div class=\"elementor-element elementor-element-a02f981 e-con-full e-flex e-con e-child\" data-id=\"a02f981\" data-element_type=\"container\">\n\t\t\t\t<div class=\"elementor-element elementor-element-7d956c4 elementor-widget elementor-widget-heading\" data-id=\"7d956c4\" data-element_type=\"widget\" data-widget_type=\"heading.default\">\n\t\t\t\t<div class=\"elementor-widget-container\">\n\t\t\t\t\t<h2 class=\"elementor-heading-title elementor-size-default\">Bodegaje<\/h2>\t\t\t\t<\/div>\n\t\t\t\t<\/div>\n\t\t\t\t<div class=\"elementor-element elementor-element-fc604c4 elementor-widget elementor-widget-text-editor\" data-id=\"fc604c4\" data-element_type=\"widget\" data-widget_type=\"text-editor.default\">\n\t\t\t\t<div class=\"elementor-widget-container\">\n\t\t\t\t\t\t\t\t\t<p>Ofrecemos almacenamiento seguro y flexible para tus productos, con tarifas claras y sin complicaciones, adaptadas a tus necesidades<\/p>\t\t\t\t\t\t\t\t<\/div>\n\t\t\t\t<\/div>\n\t\t<div class=\"elementor-element elementor-element-0ee3671 e-con-full e-flex e-con e-child\" data-id=\"0ee3671\" data-element_type=\"container\">\n\t\t\t\t<div class=\"elementor-element elementor-element-fbc7a81 premium-lq__none elementor-widget elementor-widget-premium-addon-button\" data-id=\"fbc7a81\" data-element_type=\"widget\" data-widget_type=\"premium-addon-button.default\">\n\t\t\t\t<div class=\"elementor-widget-container\">\n\t\t\t\t\t\n\n\t\t<a class=\"premium-button premium-button-none premium-btn-sm premium-button-none\" href=\"\/index.php\/calcula-tu-envio\/\">\n\t\t\t<div class=\"premium-button-text-icon-wrapper\">\n\t\t\t\t\n\t\t\t\t\t\t\t\t\t<span >\n\t\t\t\t\t\tCotiza bodega\t\t\t\t\t<\/span>\n\t\t\t\t\t\t\t<\/div>\n\n\t\t\t\n\t\t\t\n\t\t\t\n\t\t<\/a>\n\n\n\t\t\t\t\t\t<\/div>\n\t\t\t\t<\/div>\n\t\t\t\t<\/div>\n\t\t\t\t<\/div>\n\t\t\t\t\t<\/div>\n\t\t\t\t<\/div>\n\t\t\t\t<\/div>\n\t\t","protected":false},"excerpt":{"rendered":"<p>Nuestros Servicios Paqueter\u00eda Courier Env\u00eda tus paquetes de forma r\u00e1pida y segura con nuestro servicio courier, dise\u00f1ado para entregas internacionales [&hellip;]<\/p>\n","protected":false},"author":3,"featured_media":0,"parent":0,"menu_order":0,"comment_status":"closed","ping_status":"closed","template":"","meta":{"_monsterinsights_skip_tracking":false,"_monsterinsights_sitenote_active":false,"_monsterinsights_sitenote_note":"","_monsterinsights_sitenote_category":0,"site-sidebar-layout":"no-sidebar","site-content-layout":"","ast-site-content-layout":"full-width-container","site-content-style":"default","site-sidebar-style":"default","ast-global-header-display":"","ast-banner-title-visibility":"","ast-main-header-display":"","ast-hfb-above-header-display":"","ast-hfb-below-header-display":"","ast-hfb-mobile-header-display":"","site-post-title":"disabled","ast-breadcrumbs-content":"","ast-featured-img":"disabled","footer-sml-layout":"","theme-transparent-header-meta":"","adv-header-id-meta":"","stick-header-meta":"","header-above-stick-meta":"","header-main-stick-meta":"","header-below-stick-meta":"","astra-migrate-meta-layouts":"default","ast-page-background-enabled":"default","ast-page-background-meta":{"desktop":{"background-color":"var(--ast-global-color-5)","background-image":"","background-repeat":"repeat","background-position":"center center","background-size":"auto","background-attachment":"scroll","background-type":"","background-media":"","overlay-type":"","overlay-color":"","overlay-opacity":"","overlay-gradient":""},"tablet":{"background-color":"","background-image":"","background-repeat":"repeat","background-position":"center center","background-size":"auto","background-attachment":"scroll","background-type":"","background-media":"","overlay-type":"","overlay-color":"","overlay-opacity":"","overlay-gradient":""},"mobile":{"background-color":"","background-image":"","background-repeat":"repeat","background-position":"center center","background-size":"auto","background-attachment":"scroll","background-type":"","background-media":"","overlay-type":"","overlay-color":"","overlay-opacity":"","overlay-gradient":""}},"ast-content-background-meta":{"desktop":{"background-color":"var(--ast-global-color-4)","background-image":"","background-repeat":"repeat","background-position":"center center","background-size":"auto","background-attachment":"scroll","background-type":"","background-media":"","overlay-type":"","overlay-color":"","overlay-opacity":"","overlay-gradient":""},"tablet":{"background-color":"var(--ast-global-color-4)","background-image":"","background-repeat":"repeat","background-position":"center center","background-size":"auto","background-attachment":"scroll","background-type":"","background-media":"","overlay-type":"","overlay-color":"","overlay-opacity":"","overlay-gradient":""},"mobile":{"background-color":"var(--ast-global-color-4)","background-image":"","background-repeat":"repeat","background-position":"center center","background-size":"auto","background-attachment":"scroll","background-type":"","background-media":"","overlay-type":"","overlay-color":"","overlay-opacity":"","overlay-gradient":""}},"footnotes":""},"class_list":["post-360","page","type-page","status-publish","hentry"],"aioseo_notices":[],"_links":{"self":[{"href":"https:\/\/enviosdeuna.com\/index.php\/wp-json\/wp\/v2\/pages\/360","targetHints":{"allow":["GET"]}}],"collection":[{"href":"https:\/\/enviosdeuna.com\/index.php\/wp-json\/wp\/v2\/pages"}],"about":[{"href":"https:\/\/enviosdeuna.com\/index.php\/wp-json\/wp\/v2\/types\/page"}],"author":[{"embeddable":true,"href":"https:\/\/enviosdeuna.com\/index.php\/wp-json\/wp\/v2\/users\/3"}],"replies":[{"embeddable":true,"href":"https:\/\/enviosdeuna.com\/index.php\/wp-json\/wp\/v2\/comments?post=360"}],"version-history":[{"count":19,"href":"https:\/\/enviosdeuna.com\/index.php\/wp-json\/wp\/v2\/pages\/360\/revisions"}],"predecessor-version":[{"id":609,"href":"https:\/\/enviosdeuna.com\/index.php\/wp-json\/wp\/v2\/pages\/360\/revisions\/609"}],"wp:attachment":[{"href":"https:\/\/enviosdeuna.com\/index.php\/wp-json\/wp\/v2\/media?parent=360"}],"curies":[{"name":"wp","href":"https:\/\/api.w.org\/{rel}","templated":true}]}}